{"id":139,"date":"2025-12-17T07:32:18","date_gmt":"2025-12-17T06:32:18","guid":{"rendered":"https:\/\/umealaia.eus\/?page_id=139"},"modified":"2026-02-03T14:34:45","modified_gmt":"2026-02-03T13:34:45","slug":"la-asociacion","status":"publish","type":"page","link":"https:\/\/umealaia.eus\/es\/la-asociacion\/","title":{"rendered":"La Asociaci\u00f3n"},"content":{"rendered":"\t\t<div data-elementor-type=\"wp-page\" data-elementor-id=\"139\" class=\"elementor elementor-139\" data-elementor-post-type=\"page\">\n\t\t\t\t<div class=\"elementor-element elementor-element-d33fbde e-flex e-con-boxed e-con e-parent\" data-id=\"d33fbde\" data-element_type=\"container\" data-settings=\"{&quot;background_background&quot;:&quot;classic&quot;}\">\n\t\t\t\t\t<div class=\"e-con-inner\">\n\t\t<div class=\"elementor-element elementor-element-c895d53 e-con-full e-flex e-con e-child\" data-id=\"c895d53\" data-element_type=\"container\">\n\t\t\t\t<div class=\"elementor-element elementor-element-c2c45e6 elementor-widget elementor-widget-heading\" data-id=\"c2c45e6\" data-element_type=\"widget\" data-widget_type=\"heading.default\">\n\t\t\t\t\t<h1 class=\"elementor-heading-title elementor-size-default\">La Asociaci\u00f3n<\/h1>\t\t\t\t<\/div>\n\t\t\t\t<\/div>\n\t\t\t\t\t<\/div>\n\t\t\t\t<\/div>\n\t\t<div class=\"elementor-element elementor-element-44c3efc e-flex e-con-boxed e-con e-parent\" data-id=\"44c3efc\" data-element_type=\"container\">\n\t\t\t\t\t<div class=\"e-con-inner\">\n\t\t<div class=\"elementor-element elementor-element-e1575ff e-con-full e-flex e-con e-child\" data-id=\"e1575ff\" data-element_type=\"container\">\n\t\t\t\t<div class=\"elementor-element elementor-element-24532d2 elementor-widget elementor-widget-image\" data-id=\"24532d2\" data-element_type=\"widget\" data-widget_type=\"image.default\">\n\t\t\t\t\t\t\t\t\t\t\t\t\t\t\t<img fetchpriority=\"high\" decoding=\"async\" width=\"1500\" height=\"1000\" src=\"https:\/\/umealaia.eus\/wp-content\/uploads\/2026\/01\/taldea-Ume-Alaia.jpg\" class=\"attachment-full size-full wp-image-1370\" alt=\"Ume alaia taldea\" srcset=\"https:\/\/umealaia.eus\/wp-content\/uploads\/2026\/01\/taldea-Ume-Alaia.jpg 1500w, https:\/\/umealaia.eus\/wp-content\/uploads\/2026\/01\/taldea-Ume-Alaia-800x533.jpg 800w, https:\/\/umealaia.eus\/wp-content\/uploads\/2026\/01\/taldea-Ume-Alaia-1200x800.jpg 1200w, https:\/\/umealaia.eus\/wp-content\/uploads\/2026\/01\/taldea-Ume-Alaia-768x512.jpg 768w, https:\/\/umealaia.eus\/wp-content\/uploads\/2026\/01\/taldea-Ume-Alaia-391x260.jpg 391w\" sizes=\"(max-width: 1500px) 100vw, 1500px\" \/>\t\t\t\t\t\t\t\t\t\t\t\t\t\t\t<\/div>\n\t\t\t\t<div class=\"elementor-element elementor-element-7ef46f2 elementor-widget elementor-widget-heading\" data-id=\"7ef46f2\" data-element_type=\"widget\" data-widget_type=\"heading.default\">\n\t\t\t\t\t<h2 class=\"elementor-heading-title elementor-size-default\">Qui\u00e9nes Somos<\/h2>\t\t\t\t<\/div>\n\t\t\t\t<div class=\"elementor-element elementor-element-292faab elementor-widget elementor-widget-text-editor\" data-id=\"292faab\" data-element_type=\"widget\" data-widget_type=\"text-editor.default\">\n\t\t\t\t\t\t\t\t\t<p>Nacimos como iniciativa de madres y padres que quer\u00edamos vivir la adopci\u00f3n de forma responsable, consciente y acompa\u00f1ada, afrontando con realismo los posibles retos que pudieran surgir en el camino. Con el tiempo, esta implicaci\u00f3n fue dando forma a lo que somos hoy: una asociaci\u00f3n sin \u00e1nimo de lucro que organiza actividades estables de apoyo a las familias adoptivas de Gipuzkoa.<\/p><p>Nos acogemos a la normativa vigente en materia de asociaciones y desarrollamos nuestra actividad en colaboraci\u00f3n con instituciones p\u00fablicas y otros agentes del \u00e1mbito de la adopci\u00f3n y la protecci\u00f3n a la infancia. Desde nuestra sede en Donostia-San Sebasti\u00e1n, coordinamos programas de formaci\u00f3n, asesoramiento y encuentro, abiertos tanto a familias en situaci\u00f3n preadoptiva como postadoptiva.<\/p>\t\t\t\t\t\t\t\t<\/div>\n\t\t\t\t<\/div>\n\t\t<div class=\"elementor-element elementor-element-585a153 e-con-full e-flex e-con e-child\" data-id=\"585a153\" data-element_type=\"container\">\n\t\t\t\t<div class=\"elementor-element elementor-element-e924276 elementor-widget elementor-widget-image\" data-id=\"e924276\" data-element_type=\"widget\" data-widget_type=\"image.default\">\n\t\t\t\t\t\t\t\t\t\t\t\t\t\t\t<img decoding=\"async\" width=\"1200\" height=\"800\" src=\"https:\/\/umealaia.eus\/wp-content\/uploads\/2026\/01\/Ume-alaia-pertsona-alaiak-1200x800.jpg\" class=\"attachment-large size-large wp-image-1371\" alt=\"Ume alaia pertsona alaiak\" srcset=\"https:\/\/umealaia.eus\/wp-content\/uploads\/2026\/01\/Ume-alaia-pertsona-alaiak-1200x800.jpg 1200w, https:\/\/umealaia.eus\/wp-content\/uploads\/2026\/01\/Ume-alaia-pertsona-alaiak-800x533.jpg 800w, https:\/\/umealaia.eus\/wp-content\/uploads\/2026\/01\/Ume-alaia-pertsona-alaiak-768x512.jpg 768w, https:\/\/umealaia.eus\/wp-content\/uploads\/2026\/01\/Ume-alaia-pertsona-alaiak-391x260.jpg 391w, https:\/\/umealaia.eus\/wp-content\/uploads\/2026\/01\/Ume-alaia-pertsona-alaiak.jpg 1500w\" sizes=\"(max-width: 1200px) 100vw, 1200px\" \/>\t\t\t\t\t\t\t\t\t\t\t\t\t\t\t<\/div>\n\t\t\t\t<div class=\"elementor-element elementor-element-ac85155 elementor-widget elementor-widget-heading\" data-id=\"ac85155\" data-element_type=\"widget\" data-widget_type=\"heading.default\">\n\t\t\t\t\t<h2 class=\"elementor-heading-title elementor-size-default\">Equipo y Forma Jur\u00eddica<\/h2>\t\t\t\t<\/div>\n\t\t\t\t<div class=\"elementor-element elementor-element-5d9722a elementor-widget elementor-widget-text-editor\" data-id=\"5d9722a\" data-element_type=\"widget\" data-widget_type=\"text-editor.default\">\n\t\t\t\t\t\t\t\t\t<p>Somos una asociaci\u00f3n sin \u00e1nimo de lucro constituida legalmente e inscrita en el registro de asociaciones de Gipuzkoa. Nuestro equipo est\u00e1 formado por una trabajadora social y una administrativa. Contamos con profesionales externos para desarrollar todas las actividades, todas con formaci\u00f3n y experiencia en adopci\u00f3n y trauma. Tambi\u00e9n contamos con la participaci\u00f3n de las familias voluntarias que colaboran activamente en las decisiones de la asociaci\u00f3n.<\/p><p>Funcionamos de manera participativa, con espacios de decisi\u00f3n compartida entre socios y socias, y un compromiso firme con la transparencia en la gesti\u00f3n de recursos y la rendici\u00f3n de cuentas ante las familias y las instituciones colaboradoras.<\/p>\t\t\t\t\t\t\t\t<\/div>\n\t\t\t\t<\/div>\n\t\t\t\t\t<\/div>\n\t\t\t\t<\/div>\n\t\t<div class=\"elementor-element elementor-element-202bc6c e-flex e-con-boxed e-con e-parent\" data-id=\"202bc6c\" data-element_type=\"container\" data-settings=\"{&quot;background_background&quot;:&quot;classic&quot;}\">\n\t\t\t\t\t<div class=\"e-con-inner\">\n\t\t\t\t<div class=\"elementor-element elementor-element-54cdd5e elementor-widget elementor-widget-heading\" data-id=\"54cdd5e\" data-element_type=\"widget\" data-widget_type=\"heading.default\">\n\t\t\t\t\t<h2 class=\"elementor-heading-title elementor-size-default\">Nuestros Objetivos<\/h2>\t\t\t\t<\/div>\n\t\t<div class=\"elementor-element elementor-element-ab723a5 e-con-full e-flex e-con e-child\" data-id=\"ab723a5\" data-element_type=\"container\">\n\t\t<div class=\"elementor-element elementor-element-12dcc60 e-con-full e-flex e-con e-child\" data-id=\"12dcc60\" data-element_type=\"container\">\n\t\t\t\t<div class=\"elementor-element elementor-element-4655b5d elementor-widget elementor-widget-text-editor\" data-id=\"4655b5d\" data-element_type=\"widget\" data-widget_type=\"text-editor.default\">\n\t\t\t\t\t\t\t\t\t<p><strong>Acompa<\/strong><strong>\u00f1ar a las familias adoptivas de Gipuzkoa<\/strong>, ofreciendo espacios de escucha, orientaci\u00f3n y apoyo mutuo en todas las etapas del proceso adoptivo.<\/p>\t\t\t\t\t\t\t\t<\/div>\n\t\t\t\t<\/div>\n\t\t<div class=\"elementor-element elementor-element-75c86d6 e-con-full e-flex e-con e-child\" data-id=\"75c86d6\" data-element_type=\"container\">\n\t\t\t\t<div class=\"elementor-element elementor-element-e3091e5 elementor-widget elementor-widget-text-editor\" data-id=\"e3091e5\" data-element_type=\"widget\" data-widget_type=\"text-editor.default\">\n\t\t\t\t\t\t\t\t\t<p><strong>Promover la formaci<\/strong><strong>\u00f3n espec<\/strong><strong>\u00edfica sobre adopci<\/strong><strong>\u00f3n<\/strong> para familias y profesionales, facilitando herramientas para comprender mejor las necesidades de ni\u00f1as, ni\u00f1os y adolescentes adoptados.<\/p>\t\t\t\t\t\t\t\t<\/div>\n\t\t\t\t<\/div>\n\t\t<div class=\"elementor-element elementor-element-2c07242 e-con-full e-flex e-con e-child\" data-id=\"2c07242\" data-element_type=\"container\">\n\t\t\t\t<div class=\"elementor-element elementor-element-21f5b82 elementor-widget elementor-widget-text-editor\" data-id=\"21f5b82\" data-element_type=\"widget\" data-widget_type=\"text-editor.default\">\n\t\t\t\t\t\t\t\t\t<p><strong>Favorecer el bienestar emocional y la integraci<\/strong><strong>\u00f3n social<\/strong> de las personas adoptadas, creando entornos de confianza donde puedan expresar sus vivencias y desarrollar su identidad.<\/p>\t\t\t\t\t\t\t\t<\/div>\n\t\t\t\t<\/div>\n\t\t\t\t<\/div>\n\t\t<div class=\"elementor-element elementor-element-6ec54c8 e-con-full e-flex e-con e-child\" data-id=\"6ec54c8\" data-element_type=\"container\">\n\t\t<div class=\"elementor-element elementor-element-070ebc3 e-con-full e-flex e-con e-child\" data-id=\"070ebc3\" data-element_type=\"container\">\n\t\t\t\t<div class=\"elementor-element elementor-element-b91dc27 elementor-widget elementor-widget-text-editor\" data-id=\"b91dc27\" data-element_type=\"widget\" data-widget_type=\"text-editor.default\">\n\t\t\t\t\t\t\t\t\t<p><strong>Sensibilizar a la sociedad<\/strong> sobre la realidad de la adopci\u00f3n y la diversidad familiar, poniendo el foco en el respeto y la protecci\u00f3n de la infancia.<\/p>\t\t\t\t\t\t\t\t<\/div>\n\t\t\t\t<\/div>\n\t\t<div class=\"elementor-element elementor-element-5850314 e-con-full e-flex e-con e-child\" data-id=\"5850314\" data-element_type=\"container\">\n\t\t\t\t<div class=\"elementor-element elementor-element-3be1fdd elementor-widget elementor-widget-text-editor\" data-id=\"3be1fdd\" data-element_type=\"widget\" data-widget_type=\"text-editor.default\">\n\t\t\t\t\t\t\t\t\t<p><strong>Crear espacios seguros de encuentro y convivencia<\/strong> donde las familias adoptivas puedan compartir experiencias, resolver dudas conjuntamente y fortalecer v\u00ednculos.<\/p>\t\t\t\t\t\t\t\t<\/div>\n\t\t\t\t<\/div>\n\t\t<div class=\"elementor-element elementor-element-28198e1 e-con-full e-flex e-con e-child\" data-id=\"28198e1\" data-element_type=\"container\">\n\t\t\t\t<div class=\"elementor-element elementor-element-c7e3de6 elementor-widget elementor-widget-text-editor\" data-id=\"c7e3de6\" data-element_type=\"widget\" data-widget_type=\"text-editor.default\">\n\t\t\t\t\t\t\t\t\t<p><strong>Colaborar con profesionales y entidades<\/strong> del \u00e1mbito educativo, social y sanitario para ofrecer respuestas coherentes y ajustadas a las necesidades de cada familia.<\/p>\t\t\t\t\t\t\t\t<\/div>\n\t\t\t\t<\/div>\n\t\t\t\t<\/div>\n\t\t\t\t\t<\/div>\n\t\t\t\t<\/div>\n\t\t\t\t<\/div>\n\t\t","protected":false},"excerpt":{"rendered":"<p>La Asociaci\u00f3n Qui\u00e9nes Somos Nacimos como iniciativa de madres y padres que quer\u00edamos vivir la adopci\u00f3n de forma responsable, consciente [&hellip;]<\/p>\n","protected":false},"author":1,"featured_media":0,"parent":0,"menu_order":0,"comment_status":"closed","ping_status":"closed","template":"","meta":{"_acf_changed":false,"site-sidebar-layout":"no-sidebar","site-content-layout":"","ast-site-content-layout":"full-width-container","site-content-style":"default","site-sidebar-style":"default","ast-global-header-display":"","ast-banner-title-visibility":"","ast-main-header-display":"","ast-hfb-above-header-display":"","ast-hfb-below-header-display":"","ast-hfb-mobile-header-display":"","site-post-title":"disabled","ast-breadcrumbs-content":"","ast-featured-img":"disabled","footer-sml-layout":"","ast-disable-related-posts":"","theme-transparent-header-meta":"enabled","adv-header-id-meta":"","stick-header-meta":"","header-above-stick-meta":"","header-main-stick-meta":"","header-below-stick-meta":"","astra-migrate-meta-layouts":"default","ast-page-background-enabled":"default","ast-page-background-meta":{"desktop":{"background-color":"var(--ast-global-color-5)","background-image":"","background-repeat":"repeat","background-position":"center center","background-size":"auto","background-attachment":"scroll","background-type":"","background-media":"","overlay-type":"","overlay-color":"","overlay-opacity":"","overlay-gradient":""},"tablet":{"background-color":"","background-image":"","background-repeat":"repeat","background-position":"center center","background-size":"auto","background-attachment":"scroll","background-type":"","background-media":"","overlay-type":"","overlay-color":"","overlay-opacity":"","overlay-gradient":""},"mobile":{"background-color":"","background-image":"","background-repeat":"repeat","background-position":"center center","background-size":"auto","background-attachment":"scroll","background-type":"","background-media":"","overlay-type":"","overlay-color":"","overlay-opacity":"","overlay-gradient":""}},"ast-content-background-meta":{"desktop":{"background-color":"var(--ast-global-color-4)","background-image":"","background-repeat":"repeat","background-position":"center center","background-size":"auto","background-attachment":"scroll","background-type":"","background-media":"","overlay-type":"","overlay-color":"","overlay-opacity":"","overlay-gradient":""},"tablet":{"background-color":"var(--ast-global-color-4)","background-image":"","background-repeat":"repeat","background-position":"center center","background-size":"auto","background-attachment":"scroll","background-type":"","background-media":"","overlay-type":"","overlay-color":"","overlay-opacity":"","overlay-gradient":""},"mobile":{"background-color":"var(--ast-global-color-4)","background-image":"","background-repeat":"repeat","background-position":"center center","background-size":"auto","background-attachment":"scroll","background-type":"","background-media":"","overlay-type":"","overlay-color":"","overlay-opacity":"","overlay-gradient":""}},"_joinchat":[],"footnotes":""},"class_list":["post-139","page","type-page","status-publish","hentry"],"acf":[],"yoast_head":"<!-- This site is optimized with the Yoast SEO plugin v26.7 - https:\/\/yoast.com\/wordpress\/plugins\/seo\/ -->\n<title>La Asociaci\u00f3n - Ume Alaia<\/title>\n<meta name=\"description\" content=\"Nacimos como iniciativa de madres y padres que quer\u00edamos vivir la adopci\u00f3n de forma responsable, consciente y acompa\u00f1ada.\" \/>\n<meta name=\"robots\" content=\"index, follow, max-snippet:-1, max-image-preview:large, max-video-preview:-1\" \/>\n<link rel=\"canonical\" href=\"https:\/\/umealaia.eus\/es\/la-asociacion\/\" \/>\n<meta property=\"og:locale\" content=\"es_ES\" \/>\n<meta property=\"og:type\" content=\"article\" \/>\n<meta property=\"og:title\" content=\"La Asociaci\u00f3n - Ume Alaia\" \/>\n<meta property=\"og:description\" content=\"Nacimos como iniciativa de madres y padres que quer\u00edamos vivir la adopci\u00f3n de forma responsable, consciente y acompa\u00f1ada.\" \/>\n<meta property=\"og:url\" content=\"https:\/\/umealaia.eus\/es\/la-asociacion\/\" \/>\n<meta property=\"og:site_name\" content=\"Ume Alaia\" \/>\n<meta property=\"article:modified_time\" content=\"2026-02-03T13:34:45+00:00\" \/>\n<meta property=\"og:image\" content=\"https:\/\/umealaia.eus\/wp-content\/uploads\/2026\/01\/taldea-Ume-Alaia.jpg\" \/>\n\t<meta property=\"og:image:width\" content=\"1500\" \/>\n\t<meta property=\"og:image:height\" content=\"1000\" \/>\n\t<meta property=\"og:image:type\" content=\"image\/jpeg\" \/>\n<meta name=\"twitter:card\" content=\"summary_large_image\" \/>\n<meta name=\"twitter:label1\" content=\"Tiempo de lectura\" \/>\n\t<meta name=\"twitter:data1\" content=\"2 minutos\" \/>\n<script type=\"application\/ld+json\" class=\"yoast-schema-graph\">{\"@context\":\"https:\/\/schema.org\",\"@graph\":[{\"@type\":\"WebPage\",\"@id\":\"https:\/\/umealaia.eus\/es\/la-asociacion\/\",\"url\":\"https:\/\/umealaia.eus\/es\/la-asociacion\/\",\"name\":\"La Asociaci\u00f3n - Ume Alaia\",\"isPartOf\":{\"@id\":\"https:\/\/umealaia.eus\/es\/#website\"},\"primaryImageOfPage\":{\"@id\":\"https:\/\/umealaia.eus\/es\/la-asociacion\/#primaryimage\"},\"image\":{\"@id\":\"https:\/\/umealaia.eus\/es\/la-asociacion\/#primaryimage\"},\"thumbnailUrl\":\"https:\/\/umealaia.eus\/wp-content\/uploads\/2026\/01\/taldea-Ume-Alaia.jpg\",\"datePublished\":\"2025-12-17T06:32:18+00:00\",\"dateModified\":\"2026-02-03T13:34:45+00:00\",\"description\":\"Nacimos como iniciativa de madres y padres que quer\u00edamos vivir la adopci\u00f3n de forma responsable, consciente y acompa\u00f1ada.\",\"breadcrumb\":{\"@id\":\"https:\/\/umealaia.eus\/es\/la-asociacion\/#breadcrumb\"},\"inLanguage\":\"es\",\"potentialAction\":[{\"@type\":\"ReadAction\",\"target\":[\"https:\/\/umealaia.eus\/es\/la-asociacion\/\"]}]},{\"@type\":\"ImageObject\",\"inLanguage\":\"es\",\"@id\":\"https:\/\/umealaia.eus\/es\/la-asociacion\/#primaryimage\",\"url\":\"https:\/\/umealaia.eus\/wp-content\/uploads\/2026\/01\/taldea-Ume-Alaia.jpg\",\"contentUrl\":\"https:\/\/umealaia.eus\/wp-content\/uploads\/2026\/01\/taldea-Ume-Alaia.jpg\"},{\"@type\":\"BreadcrumbList\",\"@id\":\"https:\/\/umealaia.eus\/es\/la-asociacion\/#breadcrumb\",\"itemListElement\":[{\"@type\":\"ListItem\",\"position\":1,\"name\":\"Home\",\"item\":\"https:\/\/umealaia.eus\/es\/\"},{\"@type\":\"ListItem\",\"position\":2,\"name\":\"La Asociaci\u00f3n\"}]},{\"@type\":\"WebSite\",\"@id\":\"https:\/\/umealaia.eus\/es\/#website\",\"url\":\"https:\/\/umealaia.eus\/es\/\",\"name\":\"Ume Alaia\",\"description\":\"\",\"publisher\":{\"@id\":\"https:\/\/umealaia.eus\/es\/#organization\"},\"potentialAction\":[{\"@type\":\"SearchAction\",\"target\":{\"@type\":\"EntryPoint\",\"urlTemplate\":\"https:\/\/umealaia.eus\/es\/?s={search_term_string}\"},\"query-input\":{\"@type\":\"PropertyValueSpecification\",\"valueRequired\":true,\"valueName\":\"search_term_string\"}}],\"inLanguage\":\"es\"},{\"@type\":\"Organization\",\"@id\":\"https:\/\/umealaia.eus\/es\/#organization\",\"name\":\"Ume Alaia\",\"url\":\"https:\/\/umealaia.eus\/es\/\",\"logo\":{\"@type\":\"ImageObject\",\"inLanguage\":\"es\",\"@id\":\"https:\/\/umealaia.eus\/es\/#\/schema\/logo\/image\/\",\"url\":\"https:\/\/umealaia.eus\/wp-content\/uploads\/2025\/12\/logo-UME-ALAIA.png\",\"contentUrl\":\"https:\/\/umealaia.eus\/wp-content\/uploads\/2025\/12\/logo-UME-ALAIA.png\",\"width\":944,\"height\":264,\"caption\":\"Ume Alaia\"},\"image\":{\"@id\":\"https:\/\/umealaia.eus\/es\/#\/schema\/logo\/image\/\"}}]}<\/script>\n<!-- \/ Yoast SEO plugin. -->","yoast_head_json":{"title":"La Asociaci\u00f3n - Ume Alaia","description":"Nacimos como iniciativa de madres y padres que quer\u00edamos vivir la adopci\u00f3n de forma responsable, consciente y acompa\u00f1ada.","robots":{"index":"index","follow":"follow","max-snippet":"max-snippet:-1","max-image-preview":"max-image-preview:large","max-video-preview":"max-video-preview:-1"},"canonical":"https:\/\/umealaia.eus\/es\/la-asociacion\/","og_locale":"es_ES","og_type":"article","og_title":"La Asociaci\u00f3n - Ume Alaia","og_description":"Nacimos como iniciativa de madres y padres que quer\u00edamos vivir la adopci\u00f3n de forma responsable, consciente y acompa\u00f1ada.","og_url":"https:\/\/umealaia.eus\/es\/la-asociacion\/","og_site_name":"Ume Alaia","article_modified_time":"2026-02-03T13:34:45+00:00","og_image":[{"width":1500,"height":1000,"url":"https:\/\/umealaia.eus\/wp-content\/uploads\/2026\/01\/taldea-Ume-Alaia.jpg","type":"image\/jpeg"}],"twitter_card":"summary_large_image","twitter_misc":{"Tiempo de lectura":"2 minutos"},"schema":{"@context":"https:\/\/schema.org","@graph":[{"@type":"WebPage","@id":"https:\/\/umealaia.eus\/es\/la-asociacion\/","url":"https:\/\/umealaia.eus\/es\/la-asociacion\/","name":"La Asociaci\u00f3n - Ume Alaia","isPartOf":{"@id":"https:\/\/umealaia.eus\/es\/#website"},"primaryImageOfPage":{"@id":"https:\/\/umealaia.eus\/es\/la-asociacion\/#primaryimage"},"image":{"@id":"https:\/\/umealaia.eus\/es\/la-asociacion\/#primaryimage"},"thumbnailUrl":"https:\/\/umealaia.eus\/wp-content\/uploads\/2026\/01\/taldea-Ume-Alaia.jpg","datePublished":"2025-12-17T06:32:18+00:00","dateModified":"2026-02-03T13:34:45+00:00","description":"Nacimos como iniciativa de madres y padres que quer\u00edamos vivir la adopci\u00f3n de forma responsable, consciente y acompa\u00f1ada.","breadcrumb":{"@id":"https:\/\/umealaia.eus\/es\/la-asociacion\/#breadcrumb"},"inLanguage":"es","potentialAction":[{"@type":"ReadAction","target":["https:\/\/umealaia.eus\/es\/la-asociacion\/"]}]},{"@type":"ImageObject","inLanguage":"es","@id":"https:\/\/umealaia.eus\/es\/la-asociacion\/#primaryimage","url":"https:\/\/umealaia.eus\/wp-content\/uploads\/2026\/01\/taldea-Ume-Alaia.jpg","contentUrl":"https:\/\/umealaia.eus\/wp-content\/uploads\/2026\/01\/taldea-Ume-Alaia.jpg"},{"@type":"BreadcrumbList","@id":"https:\/\/umealaia.eus\/es\/la-asociacion\/#breadcrumb","itemListElement":[{"@type":"ListItem","position":1,"name":"Home","item":"https:\/\/umealaia.eus\/es\/"},{"@type":"ListItem","position":2,"name":"La Asociaci\u00f3n"}]},{"@type":"WebSite","@id":"https:\/\/umealaia.eus\/es\/#website","url":"https:\/\/umealaia.eus\/es\/","name":"Ume Alaia","description":"","publisher":{"@id":"https:\/\/umealaia.eus\/es\/#organization"},"potentialAction":[{"@type":"SearchAction","target":{"@type":"EntryPoint","urlTemplate":"https:\/\/umealaia.eus\/es\/?s={search_term_string}"},"query-input":{"@type":"PropertyValueSpecification","valueRequired":true,"valueName":"search_term_string"}}],"inLanguage":"es"},{"@type":"Organization","@id":"https:\/\/umealaia.eus\/es\/#organization","name":"Ume Alaia","url":"https:\/\/umealaia.eus\/es\/","logo":{"@type":"ImageObject","inLanguage":"es","@id":"https:\/\/umealaia.eus\/es\/#\/schema\/logo\/image\/","url":"https:\/\/umealaia.eus\/wp-content\/uploads\/2025\/12\/logo-UME-ALAIA.png","contentUrl":"https:\/\/umealaia.eus\/wp-content\/uploads\/2025\/12\/logo-UME-ALAIA.png","width":944,"height":264,"caption":"Ume Alaia"},"image":{"@id":"https:\/\/umealaia.eus\/es\/#\/schema\/logo\/image\/"}}]}},"_links":{"self":[{"href":"https:\/\/umealaia.eus\/es\/wp-json\/wp\/v2\/pages\/139","targetHints":{"allow":["GET"]}}],"collection":[{"href":"https:\/\/umealaia.eus\/es\/wp-json\/wp\/v2\/pages"}],"about":[{"href":"https:\/\/umealaia.eus\/es\/wp-json\/wp\/v2\/types\/page"}],"author":[{"embeddable":true,"href":"https:\/\/umealaia.eus\/es\/wp-json\/wp\/v2\/users\/1"}],"replies":[{"embeddable":true,"href":"https:\/\/umealaia.eus\/es\/wp-json\/wp\/v2\/comments?post=139"}],"version-history":[{"count":37,"href":"https:\/\/umealaia.eus\/es\/wp-json\/wp\/v2\/pages\/139\/revisions"}],"predecessor-version":[{"id":1440,"href":"https:\/\/umealaia.eus\/es\/wp-json\/wp\/v2\/pages\/139\/revisions\/1440"}],"wp:attachment":[{"href":"https:\/\/umealaia.eus\/es\/wp-json\/wp\/v2\/media?parent=139"}],"curies":[{"name":"wp","href":"https:\/\/api.w.org\/{rel}","templated":true}]}}