{"id":194,"date":"2025-12-17T08:27:25","date_gmt":"2025-12-17T07:27:25","guid":{"rendered":"https:\/\/umealaia.eus\/?page_id=194"},"modified":"2026-02-03T15:49:42","modified_gmt":"2026-02-03T14:49:42","slug":"hazte-socio-a","status":"publish","type":"page","link":"https:\/\/umealaia.eus\/es\/hazte-socio-a\/","title":{"rendered":"Hazte socio\/a"},"content":{"rendered":"\t\t<div data-elementor-type=\"wp-page\" data-elementor-id=\"194\" class=\"elementor elementor-194\" data-elementor-post-type=\"page\">\n\t\t\t\t<div class=\"elementor-element elementor-element-8e054c3 e-flex e-con-boxed e-con e-parent\" data-id=\"8e054c3\" data-element_type=\"container\" data-settings=\"{&quot;background_background&quot;:&quot;classic&quot;}\">\n\t\t\t\t\t<div class=\"e-con-inner\">\n\t\t<div class=\"elementor-element elementor-element-8533b17 e-con-full e-flex e-con e-child\" data-id=\"8533b17\" data-element_type=\"container\">\n\t\t\t\t<div class=\"elementor-element elementor-element-09e4f60 elementor-widget elementor-widget-heading\" data-id=\"09e4f60\" data-element_type=\"widget\" data-widget_type=\"heading.default\">\n\t\t\t\t\t<h1 class=\"elementor-heading-title elementor-size-default\">Hazte Socio\/a<\/h1>\t\t\t\t<\/div>\n\t\t\t\t<\/div>\n\t\t\t\t\t<\/div>\n\t\t\t\t<\/div>\n\t\t<div class=\"elementor-element elementor-element-6fac99c e-flex e-con-boxed e-con e-parent\" data-id=\"6fac99c\" data-element_type=\"container\">\n\t\t\t\t\t<div class=\"e-con-inner\">\n\t\t<div class=\"elementor-element elementor-element-10665e2 e-con-full e-flex e-con e-child\" data-id=\"10665e2\" data-element_type=\"container\">\n\t\t\t\t<div class=\"elementor-element elementor-element-efe4e4e elementor-widget elementor-widget-heading\" data-id=\"efe4e4e\" data-element_type=\"widget\" data-widget_type=\"heading.default\">\n\t\t\t\t\t<h2 class=\"elementor-heading-title elementor-size-default\">Qui\u00e9n puede asociarse<\/h2>\t\t\t\t<\/div>\n\t\t\t\t<div class=\"elementor-element elementor-element-45f714f elementor-widget elementor-widget-text-editor\" data-id=\"45f714f\" data-element_type=\"widget\" data-widget_type=\"text-editor.default\">\n\t\t\t\t\t\t\t\t\t<p>Cualquier familia interesada en participar en la vida de nuestra asociaci\u00f3n puede hacerse socia y colaborar en el mantenimiento de los programas y actividades que ofrecemos. Tambi\u00e9n pueden asociarse profesionales, estudiantes y cualquier persona interesada en apoyar la misi\u00f3n de Ume Alaia Gipuzkoa.<\/p>\n<p>No existen restricciones basadas en estructura familiar, orientaci\u00f3n sexual, origen o cualquier otra caracter\u00edstica. La \u00fanica condici\u00f3n es compartir los valores de la asociaci\u00f3n y el compromiso con el bienestar de las personas adoptadas y sus familias.<\/p>\t\t\t\t\t\t\t\t<\/div>\n\t\t\t\t<\/div>\n\t\t<div class=\"elementor-element elementor-element-bb6be41 e-con-full e-flex e-con e-child\" data-id=\"bb6be41\" data-element_type=\"container\">\n\t\t\t\t<div class=\"elementor-element elementor-element-c5eb566 elementor-widget elementor-widget-heading\" data-id=\"c5eb566\" data-element_type=\"widget\" data-widget_type=\"heading.default\">\n\t\t\t\t\t<h2 class=\"elementor-heading-title elementor-size-default\">Formas de colaboraci\u00f3n<\/h2>\t\t\t\t<\/div>\n\t\t\t\t<div class=\"elementor-element elementor-element-505c61d elementor-widget elementor-widget-text-editor\" data-id=\"505c61d\" data-element_type=\"widget\" data-widget_type=\"text-editor.default\">\n\t\t\t\t\t\t\t\t\t<p>M\u00e1s all\u00e1 de la asociaci\u00f3n econ\u00f3mica, existen otras formas de colaborar con nosotros:<\/p>\n<ul>\n<li><strong>Voluntariado<\/strong>: Participar de forma activa en talleres, encuentros y actividades, aportando tiempo y habilidades.<\/li>\n<li><strong>Asesoramiento profesional<\/strong>: Profesionales (psic\u00f3logos, educadores, trabajadores sociales, etc.) pueden colaborar puntualmente en nuestros programas formativos.<\/li>\n<li><strong>Donaciones<\/strong>: Contribuir econ\u00f3micamente a proyectos espec\u00edficos o al funcionamiento general de la asociaci\u00f3n.<\/li>\n<li><strong>Difusi<\/strong><strong>\u00f3n<\/strong>: Ayudar a dar a conocer nuestro trabajo entre familias y profesionales de vuestra red.<\/li>\n<\/ul>\t\t\t\t\t\t\t\t<\/div>\n\t\t\t\t<\/div>\n\t\t\t\t\t<\/div>\n\t\t\t\t<\/div>\n\t\t<div class=\"elementor-element elementor-element-cff5887 e-flex e-con-boxed e-con e-parent\" data-id=\"cff5887\" data-element_type=\"container\" data-settings=\"{&quot;background_background&quot;:&quot;classic&quot;}\">\n\t\t\t\t\t<div class=\"e-con-inner\">\n\t\t<div class=\"elementor-element elementor-element-16ee4f9 e-con-full e-flex e-con e-child\" data-id=\"16ee4f9\" data-element_type=\"container\">\n\t\t\t\t<div class=\"elementor-element elementor-element-0cd4a82 elementor-widget elementor-widget-heading\" data-id=\"0cd4a82\" data-element_type=\"widget\" data-widget_type=\"heading.default\">\n\t\t\t\t\t<p class=\"elementor-heading-title elementor-size-default\">Puedes contactar con nosotros a trav\u00e9s de tel\u00e9fono (tambi\u00e9n WhatsApp) o email.<\/p>\t\t\t\t<\/div>\n\t\t\t\t<\/div>\n\t\t<div class=\"elementor-element elementor-element-48648b8 e-con-full e-flex e-con e-child\" data-id=\"48648b8\" data-element_type=\"container\">\n\t\t\t\t<div class=\"elementor-element elementor-element-615b7f3 elementor-widget elementor-widget-button\" data-id=\"615b7f3\" data-element_type=\"widget\" data-widget_type=\"button.default\">\n\t\t\t\t\t\t\t\t\t\t<a class=\"elementor-button elementor-button-link elementor-size-sm\" href=\"#contacto\">\n\t\t\t\t\t\t<span class=\"elementor-button-content-wrapper\">\n\t\t\t\t\t\t\t\t\t<span class=\"elementor-button-text\">Contacto<\/span>\n\t\t\t\t\t<\/span>\n\t\t\t\t\t<\/a>\n\t\t\t\t\t\t\t\t<\/div>\n\t\t\t\t<\/div>\n\t\t\t\t\t<\/div>\n\t\t\t\t<\/div>\n\t\t\t\t<\/div>\n\t\t","protected":false},"excerpt":{"rendered":"<p>Hazte Socio\/a Qui\u00e9n puede asociarse Cualquier familia interesada en participar en la vida de nuestra asociaci\u00f3n puede hacerse socia y [&hellip;]<\/p>\n","protected":false},"author":1,"featured_media":0,"parent":0,"menu_order":0,"comment_status":"closed","ping_status":"closed","template":"","meta":{"_acf_changed":false,"site-sidebar-layout":"no-sidebar","site-content-layout":"","ast-site-content-layout":"full-width-container","site-content-style":"default","site-sidebar-style":"default","ast-global-header-display":"","ast-banner-title-visibility":"","ast-main-header-display":"","ast-hfb-above-header-display":"","ast-hfb-below-header-display":"","ast-hfb-mobile-header-display":"","site-post-title":"disabled","ast-breadcrumbs-content":"","ast-featured-img":"disabled","footer-sml-layout":"","ast-disable-related-posts":"","theme-transparent-header-meta":"enabled","adv-header-id-meta":"","stick-header-meta":"","header-above-stick-meta":"","header-main-stick-meta":"","header-below-stick-meta":"","astra-migrate-meta-layouts":"default","ast-page-background-enabled":"default","ast-page-background-meta":{"desktop":{"background-color":"var(--ast-global-color-5)","background-image":"","background-repeat":"repeat","background-position":"center center","background-size":"auto","background-attachment":"scroll","background-type":"","background-media":"","overlay-type":"","overlay-color":"","overlay-opacity":"","overlay-gradient":""},"tablet":{"background-color":"","background-image":"","background-repeat":"repeat","background-position":"center center","background-size":"auto","background-attachment":"scroll","background-type":"","background-media":"","overlay-type":"","overlay-color":"","overlay-opacity":"","overlay-gradient":""},"mobile":{"background-color":"","background-image":"","background-repeat":"repeat","background-position":"center center","background-size":"auto","background-attachment":"scroll","background-type":"","background-media":"","overlay-type":"","overlay-color":"","overlay-opacity":"","overlay-gradient":""}},"ast-content-background-meta":{"desktop":{"background-color":"var(--ast-global-color-4)","background-image":"","background-repeat":"repeat","background-position":"center center","background-size":"auto","background-attachment":"scroll","background-type":"","background-media":"","overlay-type":"","overlay-color":"","overlay-opacity":"","overlay-gradient":""},"tablet":{"background-color":"var(--ast-global-color-4)","background-image":"","background-repeat":"repeat","background-position":"center center","background-size":"auto","background-attachment":"scroll","background-type":"","background-media":"","overlay-type":"","overlay-color":"","overlay-opacity":"","overlay-gradient":""},"mobile":{"background-color":"var(--ast-global-color-4)","background-image":"","background-repeat":"repeat","background-position":"center center","background-size":"auto","background-attachment":"scroll","background-type":"","background-media":"","overlay-type":"","overlay-color":"","overlay-opacity":"","overlay-gradient":""}},"_joinchat":[],"footnotes":""},"class_list":["post-194","page","type-page","status-publish","hentry"],"acf":[],"yoast_head":"<!-- This site is optimized with the Yoast SEO plugin v26.7 - https:\/\/yoast.com\/wordpress\/plugins\/seo\/ -->\n<title>Hazte socio\/a - Ume Alaia<\/title>\n<meta name=\"description\" content=\"Cualquier familia interesada en participar en la vida de nuestra asociaci\u00f3n puede hacerse socia\" \/>\n<meta name=\"robots\" content=\"index, follow, max-snippet:-1, max-image-preview:large, max-video-preview:-1\" \/>\n<link rel=\"canonical\" href=\"https:\/\/umealaia.eus\/es\/hazte-socio-a\/\" \/>\n<meta property=\"og:locale\" content=\"es_ES\" \/>\n<meta property=\"og:type\" content=\"article\" \/>\n<meta property=\"og:title\" content=\"Hazte socio\/a - Ume Alaia\" \/>\n<meta property=\"og:description\" content=\"Cualquier familia interesada en participar en la vida de nuestra asociaci\u00f3n puede hacerse socia\" \/>\n<meta property=\"og:url\" content=\"https:\/\/umealaia.eus\/es\/hazte-socio-a\/\" \/>\n<meta property=\"og:site_name\" content=\"Ume Alaia\" \/>\n<meta property=\"article:modified_time\" content=\"2026-02-03T14:49:42+00:00\" \/>\n<meta name=\"twitter:card\" content=\"summary_large_image\" \/>\n<meta name=\"twitter:label1\" content=\"Tiempo de lectura\" \/>\n\t<meta name=\"twitter:data1\" content=\"1 minuto\" \/>\n<script type=\"application\/ld+json\" class=\"yoast-schema-graph\">{\"@context\":\"https:\/\/schema.org\",\"@graph\":[{\"@type\":\"WebPage\",\"@id\":\"https:\/\/umealaia.eus\/es\/hazte-socio-a\/\",\"url\":\"https:\/\/umealaia.eus\/es\/hazte-socio-a\/\",\"name\":\"Hazte socio\/a - Ume Alaia\",\"isPartOf\":{\"@id\":\"https:\/\/umealaia.eus\/es\/#website\"},\"datePublished\":\"2025-12-17T07:27:25+00:00\",\"dateModified\":\"2026-02-03T14:49:42+00:00\",\"description\":\"Cualquier familia interesada en participar en la vida de nuestra asociaci\u00f3n puede hacerse socia\",\"breadcrumb\":{\"@id\":\"https:\/\/umealaia.eus\/es\/hazte-socio-a\/#breadcrumb\"},\"inLanguage\":\"es\",\"potentialAction\":[{\"@type\":\"ReadAction\",\"target\":[\"https:\/\/umealaia.eus\/es\/hazte-socio-a\/\"]}]},{\"@type\":\"BreadcrumbList\",\"@id\":\"https:\/\/umealaia.eus\/es\/hazte-socio-a\/#breadcrumb\",\"itemListElement\":[{\"@type\":\"ListItem\",\"position\":1,\"name\":\"Home\",\"item\":\"https:\/\/umealaia.eus\/es\/\"},{\"@type\":\"ListItem\",\"position\":2,\"name\":\"Hazte socio\/a\"}]},{\"@type\":\"WebSite\",\"@id\":\"https:\/\/umealaia.eus\/es\/#website\",\"url\":\"https:\/\/umealaia.eus\/es\/\",\"name\":\"Ume Alaia\",\"description\":\"\",\"publisher\":{\"@id\":\"https:\/\/umealaia.eus\/es\/#organization\"},\"potentialAction\":[{\"@type\":\"SearchAction\",\"target\":{\"@type\":\"EntryPoint\",\"urlTemplate\":\"https:\/\/umealaia.eus\/es\/?s={search_term_string}\"},\"query-input\":{\"@type\":\"PropertyValueSpecification\",\"valueRequired\":true,\"valueName\":\"search_term_string\"}}],\"inLanguage\":\"es\"},{\"@type\":\"Organization\",\"@id\":\"https:\/\/umealaia.eus\/es\/#organization\",\"name\":\"Ume Alaia\",\"url\":\"https:\/\/umealaia.eus\/es\/\",\"logo\":{\"@type\":\"ImageObject\",\"inLanguage\":\"es\",\"@id\":\"https:\/\/umealaia.eus\/es\/#\/schema\/logo\/image\/\",\"url\":\"https:\/\/umealaia.eus\/wp-content\/uploads\/2025\/12\/logo-UME-ALAIA.png\",\"contentUrl\":\"https:\/\/umealaia.eus\/wp-content\/uploads\/2025\/12\/logo-UME-ALAIA.png\",\"width\":944,\"height\":264,\"caption\":\"Ume Alaia\"},\"image\":{\"@id\":\"https:\/\/umealaia.eus\/es\/#\/schema\/logo\/image\/\"}}]}<\/script>\n<!-- \/ Yoast SEO plugin. -->","yoast_head_json":{"title":"Hazte socio\/a - Ume Alaia","description":"Cualquier familia interesada en participar en la vida de nuestra asociaci\u00f3n puede hacerse socia","robots":{"index":"index","follow":"follow","max-snippet":"max-snippet:-1","max-image-preview":"max-image-preview:large","max-video-preview":"max-video-preview:-1"},"canonical":"https:\/\/umealaia.eus\/es\/hazte-socio-a\/","og_locale":"es_ES","og_type":"article","og_title":"Hazte socio\/a - Ume Alaia","og_description":"Cualquier familia interesada en participar en la vida de nuestra asociaci\u00f3n puede hacerse socia","og_url":"https:\/\/umealaia.eus\/es\/hazte-socio-a\/","og_site_name":"Ume Alaia","article_modified_time":"2026-02-03T14:49:42+00:00","twitter_card":"summary_large_image","twitter_misc":{"Tiempo de lectura":"1 minuto"},"schema":{"@context":"https:\/\/schema.org","@graph":[{"@type":"WebPage","@id":"https:\/\/umealaia.eus\/es\/hazte-socio-a\/","url":"https:\/\/umealaia.eus\/es\/hazte-socio-a\/","name":"Hazte socio\/a - Ume Alaia","isPartOf":{"@id":"https:\/\/umealaia.eus\/es\/#website"},"datePublished":"2025-12-17T07:27:25+00:00","dateModified":"2026-02-03T14:49:42+00:00","description":"Cualquier familia interesada en participar en la vida de nuestra asociaci\u00f3n puede hacerse socia","breadcrumb":{"@id":"https:\/\/umealaia.eus\/es\/hazte-socio-a\/#breadcrumb"},"inLanguage":"es","potentialAction":[{"@type":"ReadAction","target":["https:\/\/umealaia.eus\/es\/hazte-socio-a\/"]}]},{"@type":"BreadcrumbList","@id":"https:\/\/umealaia.eus\/es\/hazte-socio-a\/#breadcrumb","itemListElement":[{"@type":"ListItem","position":1,"name":"Home","item":"https:\/\/umealaia.eus\/es\/"},{"@type":"ListItem","position":2,"name":"Hazte socio\/a"}]},{"@type":"WebSite","@id":"https:\/\/umealaia.eus\/es\/#website","url":"https:\/\/umealaia.eus\/es\/","name":"Ume Alaia","description":"","publisher":{"@id":"https:\/\/umealaia.eus\/es\/#organization"},"potentialAction":[{"@type":"SearchAction","target":{"@type":"EntryPoint","urlTemplate":"https:\/\/umealaia.eus\/es\/?s={search_term_string}"},"query-input":{"@type":"PropertyValueSpecification","valueRequired":true,"valueName":"search_term_string"}}],"inLanguage":"es"},{"@type":"Organization","@id":"https:\/\/umealaia.eus\/es\/#organization","name":"Ume Alaia","url":"https:\/\/umealaia.eus\/es\/","logo":{"@type":"ImageObject","inLanguage":"es","@id":"https:\/\/umealaia.eus\/es\/#\/schema\/logo\/image\/","url":"https:\/\/umealaia.eus\/wp-content\/uploads\/2025\/12\/logo-UME-ALAIA.png","contentUrl":"https:\/\/umealaia.eus\/wp-content\/uploads\/2025\/12\/logo-UME-ALAIA.png","width":944,"height":264,"caption":"Ume Alaia"},"image":{"@id":"https:\/\/umealaia.eus\/es\/#\/schema\/logo\/image\/"}}]}},"_links":{"self":[{"href":"https:\/\/umealaia.eus\/es\/wp-json\/wp\/v2\/pages\/194","targetHints":{"allow":["GET"]}}],"collection":[{"href":"https:\/\/umealaia.eus\/es\/wp-json\/wp\/v2\/pages"}],"about":[{"href":"https:\/\/umealaia.eus\/es\/wp-json\/wp\/v2\/types\/page"}],"author":[{"embeddable":true,"href":"https:\/\/umealaia.eus\/es\/wp-json\/wp\/v2\/users\/1"}],"replies":[{"embeddable":true,"href":"https:\/\/umealaia.eus\/es\/wp-json\/wp\/v2\/comments?post=194"}],"version-history":[{"count":42,"href":"https:\/\/umealaia.eus\/es\/wp-json\/wp\/v2\/pages\/194\/revisions"}],"predecessor-version":[{"id":1461,"href":"https:\/\/umealaia.eus\/es\/wp-json\/wp\/v2\/pages\/194\/revisions\/1461"}],"wp:attachment":[{"href":"https:\/\/umealaia.eus\/es\/wp-json\/wp\/v2\/media?parent=194"}],"curies":[{"name":"wp","href":"https:\/\/api.w.org\/{rel}","templated":true}]}}